{"id":5010,"date":"2022-09-22T10:55:59","date_gmt":"2022-09-22T10:55:59","guid":{"rendered":"http:\/\/lazarex.ognjenst.com\/demo\/?page_id=5010"},"modified":"2023-03-28T21:03:12","modified_gmt":"2023-03-28T21:03:12","slug":"o-lazarex23","status":"publish","type":"page","link":"https:\/\/lazarex.ognjenst.com\/demo\/o-lazarex23\/","title":{"rendered":"Usluge"},"content":{"rendered":"\t\t<div data-elementor-type=\"wp-page\" data-elementor-id=\"5010\" class=\"elementor elementor-5010\" data-elementor-settings=\"[]\">\n\t\t\t\t\t\t\t<div class=\"elementor-section-wrap\">\n\t\t\t\t\t\t\t<section class=\"elementor-section elementor-top-section elementor-element elementor-element-c0da890 elementor-section-full_width elementor-section-stretched elementor-section-height-default elementor-section-height-default\" data-id=\"c0da890\" data-element_type=\"section\" data-settings=\"{&quot;stretch_section&quot;:&quot;section-stretched&quot;}\">\n\t\t\t\t\t\t<div class=\"elementor-container elementor-column-gap-no\">\n\t\t\t\t\t<div class=\"elementor-column elementor-col-100 elementor-top-column elementor-element elementor-element-091c90d\" data-id=\"091c90d\" data-element_type=\"column\">\n\t\t\t<div class=\"elementor-widget-wrap elementor-element-populated\">\n\t\t\t\t\t\t\t\t<div class=\"elementor-element elementor-element-723b787 elementor-widget elementor-widget-image\" data-id=\"723b787\" data-element_type=\"widget\" data-widget_type=\"image.default\">\n\t\t\t\t<div class=\"elementor-widget-container\">\n\t\t\t\t\t\t\t\t\t\t\t\t\t\t\t<img loading=\"lazy\" decoding=\"async\" width=\"1920\" height=\"400\" src=\"https:\/\/lazarex.ognjenst.com\/demo\/wp-content\/uploads\/2022\/09\/usluge.jpg\" class=\"attachment-full size-full\" alt=\"\" srcset=\"https:\/\/lazarex.ognjenst.com\/demo\/wp-content\/uploads\/2022\/09\/usluge.jpg 1920w, https:\/\/lazarex.ognjenst.com\/demo\/wp-content\/uploads\/2022\/09\/usluge-300x63.jpg 300w, https:\/\/lazarex.ognjenst.com\/demo\/wp-content\/uploads\/2022\/09\/usluge-1024x213.jpg 1024w, https:\/\/lazarex.ognjenst.com\/demo\/wp-content\/uploads\/2022\/09\/usluge-768x160.jpg 768w, https:\/\/lazarex.ognjenst.com\/demo\/wp-content\/uploads\/2022\/09\/usluge-1536x320.jpg 1536w\" sizes=\"auto, (max-width: 1920px) 100vw, 1920px\" \/>\t\t\t\t\t\t\t\t\t\t\t\t\t\t\t<\/div>\n\t\t\t\t<\/div>\n\t\t\t\t\t<\/div>\n\t\t<\/div>\n\t\t\t\t\t\t\t<\/div>\n\t\t<\/section>\n\t\t\t\t<section class=\"elementor-section elementor-top-section elementor-element elementor-element-0cdb362 elementor-section-boxed elementor-section-height-default elementor-section-height-default\" data-id=\"0cdb362\" data-element_type=\"section\">\n\t\t\t\t\t\t<div class=\"elementor-container elementor-column-gap-default\">\n\t\t\t\t\t<div class=\"elementor-column elementor-col-100 elementor-top-column elementor-element elementor-element-dd32db4\" data-id=\"dd32db4\" data-element_type=\"column\">\n\t\t\t<div class=\"elementor-widget-wrap elementor-element-populated\">\n\t\t\t\t\t\t\t\t<div class=\"elementor-element elementor-element-1869349 align-center elementor-widget elementor-widget-mae-headings\" data-id=\"1869349\" data-element_type=\"widget\" data-widget_type=\"mae-headings.default\">\n\t\t\t\t<div class=\"elementor-widget-container\">\n\t\t\t\t\t<div class=\"master-heading\">\n\t        \t            <div class=\"pre-heading\">LAZAREX23<\/div>\n\t        \n\t        \t        <h2 class=\"main-heading\">Na\u0161e Usluge<\/h2>\n\t        \n\t        \n\t        \t    <\/div>\n\t    \t\t<\/div>\n\t\t\t\t<\/div>\n\t\t\t\t<div class=\"elementor-element elementor-element-4ea60cb hover-effect-none elementor-widget elementor-widget-mae-service-carousel\" data-id=\"4ea60cb\" data-element_type=\"widget\" data-widget_type=\"mae-service-carousel.default\">\n\t\t\t\t<div class=\"elementor-widget-container\">\n\t\t\t\n        <div class=\"master-carousel-box master-service-carousel mlr-1558699113\" data-config='{\"column\":\"3\",\"gap\":\"30px\",\"arrowPosition\":null,\"arrowMiddleOffset\":null,\"arrowTopOffset\":null,\"dotOffset\":\"20px\",\"fullRight\":true,\"autoPlay\":true,\"prevNextButtons\":false,\"pageDots\":true}'>\n                            <div class=\"master-service  item-carousel sep-before\">\n                    <div class=\"thumb\">\n                        <img decoding=\"async\" src=\"http:\/\/lazarex.ognjenst.com\/demo\/wp-content\/uploads\/2023\/03\/FVC_2569-scaled.jpg\" alt=\"Image\" \/>\n                    <\/div>\n\n                    <div class=\"content-wrap\">\n                        <h3 class=\"headline-2\">Felne i gume<\/h3><div class=\"sep\"><\/div><div class=\"desc\"><p>Lazarex23 se bavi prodajom felni i pneumatika za razli\u010dite vrste vozila. Imamo \u0161irok asortiman proizvoda u ponudi, uklju\u010duju\u0107i felne razli\u010ditih stilova i veli\u010dina, kao i pneumatike razli\u010ditih tipova i dimenzija. Na\u0161 cilj je pru\u017eiti kvalitetne proizvode koji \u0107e pobolj\u0161ati performanse i sigurnost va\u0161eg vozila.<\/p><\/div>            <div class=\"url-wrap\">\n                <a class=\"master-link  icon-right\" href=\"#\" >\n                                        <span>Kontaktiraj Nas<\/span>\n                    <span class=\"icon fa fa-arrow-right\"><\/span>                <\/a>\n            <\/div>\n\n                                <\/div>\n                <\/div>\n                            <div class=\"master-service  item-carousel sep-before\">\n                    <div class=\"thumb\">\n                        <img decoding=\"async\" src=\"http:\/\/lazarex.ognjenst.com\/demo\/wp-content\/uploads\/2022\/09\/usluga2.jpg\" alt=\"Image\" \/>\n                    <\/div>\n\n                    <div class=\"content-wrap\">\n                        <h3 class=\"headline-2\">Ulja i maziva<\/h3><div class=\"sep\"><\/div><div class=\"desc\"><p>Uz na\u0161u ponudu ulja i maziva, nudimo i stru\u010dne savete o tome koje vrste ulja i maziva su najbolje za va\u0161e vozilo, u skladu sa preporukama proizvo\u0111a\u010da. Na\u0161 tim stru\u010dnjaka \u0107e vam pomo\u0107i da odaberete najbolje ulje i mazivo za va\u0161e vozilo i obezbediti sigurnu i pouzdanu zamenu u na\u0161em servisu.<\/p><\/div>            <div class=\"url-wrap\">\n                <a class=\"master-link  icon-right\" href=\"#\" >\n                                        <span>Kontaktiraj Nas<\/span>\n                    <span class=\"icon fa fa-arrow-right\"><\/span>                <\/a>\n            <\/div>\n\n                                <\/div>\n                <\/div>\n                            <div class=\"master-service  item-carousel sep-before\">\n                    <div class=\"thumb\">\n                        <img decoding=\"async\" src=\"http:\/\/lazarex.ognjenst.com\/demo\/wp-content\/uploads\/2022\/09\/usluga3.jpg\" alt=\"Image\" \/>\n                    <\/div>\n\n                    <div class=\"content-wrap\">\n                        <h3 class=\"headline-2\">Auto delovi<\/h3><div class=\"sep\"><\/div><div class=\"desc\"><p>Imamo na raspolaganju \u0161irok asortiman delova, uklju\u010duju\u0107i ko\u010dione plo\u010dice, filtere, sijalice, amortizere, kai\u0161eve i druge delove za odr\u017eavanje i popravku vozila.\u00a0Tako\u0111e, nudimo akumulatore razli\u010ditih tipova i kapaciteta. Na\u0161 tim stru\u010dnjaka \u0107e vam pomo\u0107i da prona\u0111ete pravi deo ili akumulator za va\u0161e vozilo!<\/p><\/div>            <div class=\"url-wrap\">\n                <a class=\"master-link  icon-right\" href=\"#\" >\n                                        <span>Kontaktiraj Nas<\/span>\n                    <span class=\"icon fa fa-arrow-right\"><\/span>                <\/a>\n            <\/div>\n\n                                <\/div>\n                <\/div>\n                    <\/div>\n\n        \t\t<\/div>\n\t\t\t\t<\/div>\n\t\t\t\t\t<\/div>\n\t\t<\/div>\n\t\t\t\t\t\t\t<\/div>\n\t\t<\/section>\n\t\t\t\t<section class=\"elementor-section elementor-top-section elementor-element elementor-element-52c374c elementor-section-boxed elementor-section-height-default elementor-section-height-default\" data-id=\"52c374c\" data-element_type=\"section\">\n\t\t\t\t\t\t<div class=\"elementor-container elementor-column-gap-default\">\n\t\t\t\t\t<div class=\"elementor-column elementor-col-100 elementor-top-column elementor-element elementor-element-4e2a540\" data-id=\"4e2a540\" data-element_type=\"column\">\n\t\t\t<div class=\"elementor-widget-wrap elementor-element-populated\">\n\t\t\t\t\t\t\t\t<section class=\"elementor-section elementor-inner-section elementor-element elementor-element-44334ce elementor-section-boxed elementor-section-height-default elementor-section-height-default\" data-id=\"44334ce\" data-element_type=\"section\">\n\t\t\t\t\t\t<div class=\"elementor-container elementor-column-gap-default\">\n\t\t\t\t\t<div class=\"elementor-column elementor-col-33 elementor-inner-column elementor-element elementor-element-e44f81b\" data-id=\"e44f81b\" data-element_type=\"column\">\n\t\t\t<div class=\"elementor-widget-wrap elementor-element-populated\">\n\t\t\t\t\t\t\t\t<div class=\"elementor-element elementor-element-3ce9293 elementor-widget elementor-widget-mae-counter\" data-id=\"3ce9293\" data-element_type=\"widget\" data-widget_type=\"mae-counter.default\">\n\t\t\t\t<div class=\"elementor-widget-container\">\n\t\t\t\t\t\t\t\t<div class=\"master-counter align-center\">\n\t\t\t\t<div class=\"inner\">\n\t\t\t        \n\t\t\t\t    \t\t\t        \n\n\t\t\t        <div class=\"number-wrap\">\n\t\t\t\t        <span class=\"number\" data-to=\"3\" data-time= \"2000\"><\/span><span><\/span>\n\t\t\t        <\/div>\n\t\t\t    <\/div>\n\t\t\t    <h4 class=\"title\">Godina Iskustva<\/h4>\n\t\t    <\/div>\n\t\t\t    \t\t<\/div>\n\t\t\t\t<\/div>\n\t\t\t\t\t<\/div>\n\t\t<\/div>\n\t\t\t\t<div class=\"elementor-column elementor-col-33 elementor-inner-column elementor-element elementor-element-6f2c7b6\" data-id=\"6f2c7b6\" data-element_type=\"column\">\n\t\t\t<div class=\"elementor-widget-wrap elementor-element-populated\">\n\t\t\t\t\t\t\t\t<div class=\"elementor-element elementor-element-312a54c elementor-widget elementor-widget-mae-counter\" data-id=\"312a54c\" data-element_type=\"widget\" data-widget_type=\"mae-counter.default\">\n\t\t\t\t<div class=\"elementor-widget-container\">\n\t\t\t\t\t\t\t\t<div class=\"master-counter align-center\">\n\t\t\t\t<div class=\"inner\">\n\t\t\t        \n\t\t\t\t    \t\t\t        \n\n\t\t\t        <div class=\"number-wrap\">\n\t\t\t\t        <span class=\"number\" data-to=\"5000\" data-time= \"2000\"><\/span><span>+<\/span>\n\t\t\t        <\/div>\n\t\t\t    <\/div>\n\t\t\t    <h4 class=\"title\">Servisiranih Vozila<\/h4>\n\t\t    <\/div>\n\t\t\t    \t\t<\/div>\n\t\t\t\t<\/div>\n\t\t\t\t\t<\/div>\n\t\t<\/div>\n\t\t\t\t<div class=\"elementor-column elementor-col-33 elementor-inner-column elementor-element elementor-element-9a13b38\" data-id=\"9a13b38\" data-element_type=\"column\">\n\t\t\t<div class=\"elementor-widget-wrap elementor-element-populated\">\n\t\t\t\t\t\t\t\t<div class=\"elementor-element elementor-element-3ee4a52 elementor-widget elementor-widget-mae-counter\" data-id=\"3ee4a52\" data-element_type=\"widget\" data-widget_type=\"mae-counter.default\">\n\t\t\t\t<div class=\"elementor-widget-container\">\n\t\t\t\t\t\t\t\t<div class=\"master-counter align-center\">\n\t\t\t\t<div class=\"inner\">\n\t\t\t        \n\t\t\t\t    \t\t\t        \n\n\t\t\t        <div class=\"number-wrap\">\n\t\t\t\t        <span class=\"number\" data-to=\"5\" data-time= \"2000\"><\/span><span><\/span>\n\t\t\t        <\/div>\n\t\t\t    <\/div>\n\t\t\t    <h4 class=\"title\">Iskusnih Mehani\u010dara<\/h4>\n\t\t    <\/div>\n\t\t\t    \t\t<\/div>\n\t\t\t\t<\/div>\n\t\t\t\t\t<\/div>\n\t\t<\/div>\n\t\t\t\t\t\t\t<\/div>\n\t\t<\/section>\n\t\t\t\t\t<\/div>\n\t\t<\/div>\n\t\t\t\t\t\t\t<\/div>\n\t\t<\/section>\n\t\t\t\t<section class=\"elementor-section elementor-top-section elementor-element elementor-element-1b10881 elementor-section-stretched elementor-section-boxed elementor-section-height-default elementor-section-height-default\" data-id=\"1b10881\" data-element_type=\"section\" data-settings=\"{&quot;background_background&quot;:&quot;classic&quot;,&quot;stretch_section&quot;:&quot;section-stretched&quot;}\">\n\t\t\t\t\t\t<div class=\"elementor-container elementor-column-gap-default\">\n\t\t\t\t\t<div class=\"elementor-column elementor-col-100 elementor-top-column elementor-element elementor-element-590efe1\" data-id=\"590efe1\" data-element_type=\"column\">\n\t\t\t<div class=\"elementor-widget-wrap elementor-element-populated\">\n\t\t\t\t\t\t\t\t<div class=\"elementor-element elementor-element-72b9226 elementor-widget elementor-widget-spacer\" data-id=\"72b9226\" data-element_type=\"widget\" data-widget_type=\"spacer.default\">\n\t\t\t\t<div class=\"elementor-widget-container\">\n\t\t\t\t\t<div class=\"elementor-spacer\">\n\t\t\t<div class=\"elementor-spacer-inner\"><\/div>\n\t\t<\/div>\n\t\t\t\t<\/div>\n\t\t\t\t<\/div>\n\t\t\t\t<section class=\"elementor-section elementor-inner-section elementor-element elementor-element-abb5690 elementor-section-content-middle elementor-section-boxed elementor-section-height-default elementor-section-height-default\" data-id=\"abb5690\" data-element_type=\"section\" data-settings=\"{&quot;background_background&quot;:&quot;classic&quot;}\">\n\t\t\t\t\t\t<div class=\"elementor-container elementor-column-gap-default\">\n\t\t\t\t\t<div class=\"elementor-column elementor-col-50 elementor-inner-column elementor-element elementor-element-faf82c4\" data-id=\"faf82c4\" data-element_type=\"column\">\n\t\t\t<div class=\"elementor-widget-wrap elementor-element-populated\">\n\t\t\t\t\t\t\t\t<div class=\"elementor-element elementor-element-6e7431d align-left elementor-widget elementor-widget-mae-headings\" data-id=\"6e7431d\" data-element_type=\"widget\" data-widget_type=\"mae-headings.default\">\n\t\t\t\t<div class=\"elementor-widget-container\">\n\t\t\t\t\t<div class=\"master-heading\">\n\t        \t            <div class=\"pre-heading\">GDE SE NALAZIMO?<\/div>\n\t        \n\t        \t        <h2 class=\"main-heading\">Ustani\u010dka 25, Svilajnac<\/h2>\n\t        \n\t        \n\t        \t            <div class=\"sub-heading\">Pozovite nas i zaka\u017eite svoj termin!<\/div>\n\t        \t    <\/div>\n\t    \t\t<\/div>\n\t\t\t\t<\/div>\n\t\t\t\t<div class=\"elementor-element elementor-element-640e7b0 align-left elementor-widget elementor-widget-mae-link\" data-id=\"640e7b0\" data-element_type=\"widget\" data-widget_type=\"mae-link.default\">\n\t\t\t\t<div class=\"elementor-widget-container\">\n\t\t\t\n        <a class=\"master-link  icon-none\" href=\"#\" >\n                        <span>Pozovi Odmah<\/span>\n                    <\/a>\n\n        \t\t<\/div>\n\t\t\t\t<\/div>\n\t\t\t\t\t<\/div>\n\t\t<\/div>\n\t\t\t\t<div class=\"elementor-column elementor-col-50 elementor-inner-column elementor-element elementor-element-4226987\" data-id=\"4226987\" data-element_type=\"column\">\n\t\t\t<div class=\"elementor-widget-wrap elementor-element-populated\">\n\t\t\t\t\t\t\t\t<div class=\"elementor-element elementor-element-9d74857 align-justify cf7-style-2 elementor-widget elementor-widget-mae-contact-form-7\" data-id=\"9d74857\" data-element_type=\"widget\" data-widget_type=\"mae-contact-form-7.default\">\n\t\t\t\t<div class=\"elementor-widget-container\">\n\t\t\t<div class=\"elementor-shortcode master-cf7-0\"><div role=\"form\" class=\"wpcf7\" id=\"wpcf7-f586-o1\" lang=\"en-US\" dir=\"ltr\">\n<div class=\"screen-reader-response\"><p role=\"status\" aria-live=\"polite\" aria-atomic=\"true\"><\/p> <ul><\/ul><\/div>\n<form action=\"\/demo\/wp-json\/wp\/v2\/pages\/5010#wpcf7-f586-o1\" method=\"post\" class=\"wpcf7-form init\" novalidate=\"novalidate\" data-status=\"init\">\n<div style=\"display: none;\">\n<input type=\"hidden\" name=\"_wpcf7\" value=\"586\" \/>\n<input type=\"hidden\" name=\"_wpcf7_version\" value=\"5.6.3\" \/>\n<input type=\"hidden\" name=\"_wpcf7_locale\" value=\"en_US\" \/>\n<input type=\"hidden\" name=\"_wpcf7_unit_tag\" value=\"wpcf7-f586-o1\" \/>\n<input type=\"hidden\" name=\"_wpcf7_container_post\" value=\"0\" \/>\n<input type=\"hidden\" name=\"_wpcf7_posted_data_hash\" value=\"\" \/>\n<\/div>\n<p><span class=\"wpcf7-form-control-wrap\" data-name=\"your-name\"><input type=\"text\" name=\"your-name\" value=\"Va\u0161e ime\" size=\"40\" class=\"wpcf7-form-control wpcf7-text wpcf7-validates-as-required\" aria-required=\"true\" aria-invalid=\"false\" \/><\/span><\/p>\n<p><span class=\"wpcf7-form-control-wrap\" data-name=\"your-email\"><input type=\"email\" name=\"your-email\" value=\"E-mail Adresa\" size=\"40\" class=\"wpcf7-form-control wpcf7-text wpcf7-email wpcf7-validates-as-required wpcf7-validates-as-email\" aria-required=\"true\" aria-invalid=\"false\" \/><\/span><\/p>\n<p><span class=\"wpcf7-form-control-wrap\" data-name=\"your-message\"><textarea name=\"your-message\" cols=\"40\" rows=\"10\" class=\"wpcf7-form-control wpcf7-textarea\" aria-invalid=\"false\">Poruka\/Upit<\/textarea><\/span><\/p>\n<p><button class=\"wpcf7-submit\">Po\u0161alji Poruku<\/button><\/p>\n<div class=\"wpcf7-response-output\" aria-hidden=\"true\"><\/div><\/form><\/div><\/div>\t\t<\/div>\n\t\t\t\t<\/div>\n\t\t\t\t\t<\/div>\n\t\t<\/div>\n\t\t\t\t\t\t\t<\/div>\n\t\t<\/section>\n\t\t\t\t<div class=\"elementor-element elementor-element-24a05ff elementor-widget elementor-widget-spacer\" data-id=\"24a05ff\" data-element_type=\"widget\" data-widget_type=\"spacer.default\">\n\t\t\t\t<div class=\"elementor-widget-container\">\n\t\t\t\t\t<div class=\"elementor-spacer\">\n\t\t\t<div class=\"elementor-spacer-inner\"><\/div>\n\t\t<\/div>\n\t\t\t\t<\/div>\n\t\t\t\t<\/div>\n\t\t\t\t\t<\/div>\n\t\t<\/div>\n\t\t\t\t\t\t\t<\/div>\n\t\t<\/section>\n\t\t\t\t\t\t<\/div>\n\t\t\t\t\t<\/div>\n\t\t","protected":false},"excerpt":{"rendered":"<p>LAZAREX23 Na\u0161e Usluge Felne i gume Lazarex23 se bavi prodajom felni i pneumatika za razli\u010dite vrste vozila. Imamo \u0161irok asortiman proizvoda u ponudi, uklju\u010duju\u0107i felne razli\u010ditih stilova i veli\u010dina, kao i pneumatike razli\u010ditih tipova i dimenzija. Na\u0161 cilj je pru\u017eiti kvalitetne proizvode koji \u0107e pobolj\u0161ati performanse i sigurnost va\u0161eg vozila.<\/p>\n","protected":false},"author":1,"featured_media":0,"parent":0,"menu_order":0,"comment_status":"closed","ping_status":"closed","template":"","meta":{"footnotes":""},"class_list":["post-5010","page","type-page","status-publish","hentry"],"_links":{"self":[{"href":"https:\/\/lazarex.ognjenst.com\/demo\/wp-json\/wp\/v2\/pages\/5010","targetHints":{"allow":["GET"]}}],"collection":[{"href":"https:\/\/lazarex.ognjenst.com\/demo\/wp-json\/wp\/v2\/pages"}],"about":[{"href":"https:\/\/lazarex.ognjenst.com\/demo\/wp-json\/wp\/v2\/types\/page"}],"author":[{"embeddable":true,"href":"https:\/\/lazarex.ognjenst.com\/demo\/wp-json\/wp\/v2\/users\/1"}],"replies":[{"embeddable":true,"href":"https:\/\/lazarex.ognjenst.com\/demo\/wp-json\/wp\/v2\/comments?post=5010"}],"version-history":[{"count":24,"href":"https:\/\/lazarex.ognjenst.com\/demo\/wp-json\/wp\/v2\/pages\/5010\/revisions"}],"predecessor-version":[{"id":5106,"href":"https:\/\/lazarex.ognjenst.com\/demo\/wp-json\/wp\/v2\/pages\/5010\/revisions\/5106"}],"wp:attachment":[{"href":"https:\/\/lazarex.ognjenst.com\/demo\/wp-json\/wp\/v2\/media?parent=5010"}],"curies":[{"name":"wp","href":"https:\/\/api.w.org\/{rel}","templated":true}]}}