{"id":2908,"date":"2020-10-05T15:27:41","date_gmt":"2020-10-05T15:27:41","guid":{"rendered":"http:\/\/ninzio.com\/quper\/?page_id=2908"},"modified":"2023-03-09T17:36:28","modified_gmt":"2023-03-09T17:36:28","slug":"home-09","status":"publish","type":"page","link":"https:\/\/lazarex.ognjenst.com\/demo\/","title":{"rendered":"Home 09"},"content":{"rendered":"<p>LAZAREX 23Ovla\u0161\u0107eni SHELL i MATADOR distributerZAKA\u017dI ODMAH<br \/>\n<img decoding=\"async\" src=\"https:\/\/ninzio.com\/quper\/wp-content\/uploads\/2020\/10\/img-12.png\" alt=\"\">\t\t\t\t\t\t\t\t\t<img decoding=\"async\" src=\"http:\/\/lazarex.ognjenst.com\/demo\/wp-content\/uploads\/2022\/09\/Car-Engine-PNG-Image.png\" alt=\"\"><br \/>\n<img decoding=\"async\" alt=\"Image\" src=\"http:\/\/lazarex.ognjenst.com\/demo\/wp-content\/uploads\/2023\/01\/Lazarex23-usluge-e1673390095364.png\"><br \/>\n<img decoding=\"async\" alt=\"Image\" src=\"http:\/\/lazarex.ognjenst.com\/demo\/wp-content\/uploads\/2023\/01\/Lazarex23-reglaza-trapa-e1673390316247.png\"><br \/>\n<img decoding=\"async\" alt=\"Image\" src=\"http:\/\/lazarex.ognjenst.com\/demo\/wp-content\/uploads\/2023\/01\/Lazarex23-rad-na-motoru.png\"><\/p>\n<style>.elementor-2917 .elementor-element.elementor-element-13cfe68 .master-icon{font-size:70px;color:#C50000;}.elementor-2917 .elementor-element.elementor-element-13cfe68 .master-icon svg{width:70px;height:70px;}.elementor-2917 .elementor-element.elementor-element-13cfe68 .master-button{color:#FFFFFF;background-color:#E00000;}.elementor-2917 .elementor-element.elementor-element-13cfe68.icon-position-top .master-icon{margin-bottom:60px;}.elementor-2917 .elementor-element.elementor-element-13cfe68.icon-position-left .master-icon{margin-right:60px;}.elementor-2917 .elementor-element.elementor-element-13cfe68.icon-position-left2 .master-icon{margin-right:60px;}.elementor-2917 .elementor-element.elementor-element-13cfe68.icon-position-right .master-icon{margin-left:60px;}.elementor-2917 .elementor-element.elementor-element-13cfe68 .desc{margin-bottom:60px;}.elementor-2917 .elementor-element.elementor-element-13cfe68 > .elementor-widget-container{padding:73px 70px 70px 70px;border-style:solid;border-width:1px 1px 1px 1px;border-color:#F7F7F7;border-radius:2px 2px 2px 2px;box-shadow:0px 40px 150px 0px rgba(30, 34.00000000000001, 40, 0.1);} #featured-title{display:block;} #footer{display:block;} #bottom{display:block;border-style:solid;border-width:1px 0px 0px 0px;}@media(max-width:767px){.elementor-2917 .elementor-element.elementor-element-13cfe68.icon-position-right .master-icon{margin-bottom:60px;}.elementor-2917 .elementor-element.elementor-element-13cfe68 .headline-2{margin-bottom:5px;font-size:26px;}.elementor-2917 .elementor-element.elementor-element-13cfe68 .desc{margin-bottom:35px;font-size:14px;}}<\/style>\n<section data-id=\"aefd890\" data-element_type=\"section\">\n<h3>Servis i<br \/>\nMehanika<\/h3>\n<h3>Servis i<br \/>\nMehanika<\/h3>\n<p>Na\u0161 tim stru\u010dnih mehani\u010dara \u0107e se pobrinuti da u najkra\u0107em roku re\u0161i svaki problem na Va\u0161em automobilu. Pored toga kod nas mo\u017eete uraditi najbr\u017ei servis.<br \/>\n<a href=\"#\"><br \/>\nPozovi nas<br \/>\n<\/a><br \/>\n<\/section>\n<style>.elementor-2936 .elementor-element.elementor-element-88b9230 .master-icon-box .headline-2{color:#FFFFFF;}.elementor-2936 .elementor-element.elementor-element-88b9230 .master-icon-box .desc{color:#FFFFFF;}.elementor-2936 .elementor-element.elementor-element-88b9230 .master-icon{font-size:70px;color:#FFFFFF;}.elementor-2936 .elementor-element.elementor-element-88b9230 .master-icon svg{width:70px;height:70px;}.elementor-2936 .elementor-element.elementor-element-88b9230 .master-button{color:#FF0000;background-color:#FFFFFF;}.elementor-2936 .elementor-element.elementor-element-88b9230.icon-position-top .master-icon{margin-bottom:60px;}.elementor-2936 .elementor-element.elementor-element-88b9230.icon-position-left .master-icon{margin-right:60px;}.elementor-2936 .elementor-element.elementor-element-88b9230.icon-position-left2 .master-icon{margin-right:60px;}.elementor-2936 .elementor-element.elementor-element-88b9230.icon-position-right .master-icon{margin-left:60px;}.elementor-2936 .elementor-element.elementor-element-88b9230 .desc{margin-bottom:60px;}.elementor-2936 .elementor-element.elementor-element-88b9230 > .elementor-widget-container{padding:73px 70px 70px 70px;background-color:#C60000;box-shadow:0px 40px 150px 0px rgba(30, 34.00000000000001, 40, 0.1);} #featured-title{display:block;} #footer{display:block;} #bottom{display:block;border-style:solid;border-width:1px 0px 0px 0px;}@media(max-width:767px){.elementor-2936 .elementor-element.elementor-element-88b9230.icon-position-right .master-icon{margin-bottom:60px;}.elementor-2936 .elementor-element.elementor-element-88b9230 .headline-2{margin-bottom:5px;font-size:21px;}.elementor-2936 .elementor-element.elementor-element-88b9230 .desc{margin-bottom:35px;font-size:14px;}}<\/style>\n<section data-id=\"5395b9f\" data-element_type=\"section\">\n<h3>Inovativnost i<br \/>\nProfesionalnost<\/h3>\n<h3>Inovativnost i<br \/>\nProfesionalnost<\/h3>\n<p>Na\u0161 tim stoji na raspolaganju za sva Va\u0161a pitanja, rado \u0107emo Vam pomo\u0107i u odabiru najboljih brendova za negu Va\u0161eg automobila.<br \/>\n<a href=\"#\"><br \/>\nPozovi Nas<br \/>\n<\/a><br \/>\n<\/section>\n<style>.elementor-2939 .elementor-element.elementor-element-337296c .master-icon{font-size:70px;color:#FF0000;}.elementor-2939 .elementor-element.elementor-element-337296c .master-icon svg{width:70px;height:70px;}.elementor-2939 .elementor-element.elementor-element-337296c .master-button{color:#FFFFFF;background-color:#FC0000;}.elementor-2939 .elementor-element.elementor-element-337296c.icon-position-top .master-icon{margin-bottom:60px;}.elementor-2939 .elementor-element.elementor-element-337296c.icon-position-left .master-icon{margin-right:60px;}.elementor-2939 .elementor-element.elementor-element-337296c.icon-position-left2 .master-icon{margin-right:60px;}.elementor-2939 .elementor-element.elementor-element-337296c.icon-position-right .master-icon{margin-left:60px;}.elementor-2939 .elementor-element.elementor-element-337296c .desc{margin-bottom:60px;}.elementor-2939 .elementor-element.elementor-element-337296c > .elementor-widget-container{padding:73px 70px 70px 70px;border-style:solid;border-width:1px 1px 1px 1px;border-color:#F7F7F7;border-radius:2px 2px 2px 2px;box-shadow:0px 40px 150px 0px rgba(30, 34.00000000000001, 40, 0.1);} #featured-title{display:block;} #footer{display:block;} #bottom{display:block;border-style:solid;border-width:1px 0px 0px 0px;}@media(max-width:767px){.elementor-2939 .elementor-element.elementor-element-337296c.icon-position-right .master-icon{margin-bottom:60px;}.elementor-2939 .elementor-element.elementor-element-337296c .headline-2{margin-bottom:5px;font-size:26px;}.elementor-2939 .elementor-element.elementor-element-337296c .desc{margin-bottom:35px;font-size:14px;}}<\/style>\n<section data-id=\"b2dd4ac\" data-element_type=\"section\">\n<h3>Servis i<br \/>\nOdr\u017eavanje<\/h3>\n<h3>Servis i<br \/>\nOdr\u017eavanje<\/h3>\n<p>Najbr\u017ee i najjeftinije odr\u017eavanje i servisiranje Va\u0161eg automobila u Lazarex Servisu!<br \/>\n<a href=\"#\"><br \/>\nPozovi Nas<br \/>\n<\/a><br \/>\n<\/section>\n<style>.elementor-2936 .elementor-element.elementor-element-88b9230 .master-icon-box .headline-2{color:#FFFFFF;}.elementor-2936 .elementor-element.elementor-element-88b9230 .master-icon-box .desc{color:#FFFFFF;}.elementor-2936 .elementor-element.elementor-element-88b9230 .master-icon{font-size:70px;color:#FFFFFF;}.elementor-2936 .elementor-element.elementor-element-88b9230 .master-icon svg{width:70px;height:70px;}.elementor-2936 .elementor-element.elementor-element-88b9230 .master-button{color:#FF0000;background-color:#FFFFFF;}.elementor-2936 .elementor-element.elementor-element-88b9230.icon-position-top .master-icon{margin-bottom:60px;}.elementor-2936 .elementor-element.elementor-element-88b9230.icon-position-left .master-icon{margin-right:60px;}.elementor-2936 .elementor-element.elementor-element-88b9230.icon-position-left2 .master-icon{margin-right:60px;}.elementor-2936 .elementor-element.elementor-element-88b9230.icon-position-right .master-icon{margin-left:60px;}.elementor-2936 .elementor-element.elementor-element-88b9230 .desc{margin-bottom:60px;}.elementor-2936 .elementor-element.elementor-element-88b9230 > .elementor-widget-container{padding:73px 70px 70px 70px;background-color:#C60000;box-shadow:0px 40px 150px 0px rgba(30, 34.00000000000001, 40, 0.1);} #featured-title{display:block;} #footer{display:block;} #bottom{display:block;border-style:solid;border-width:1px 0px 0px 0px;}@media(max-width:767px){.elementor-2936 .elementor-element.elementor-element-88b9230.icon-position-right .master-icon{margin-bottom:60px;}.elementor-2936 .elementor-element.elementor-element-88b9230 .headline-2{margin-bottom:5px;font-size:21px;}.elementor-2936 .elementor-element.elementor-element-88b9230 .desc{margin-bottom:35px;font-size:14px;}}<\/style>\n<section data-id=\"5395b9f\" data-element_type=\"section\">\n<h3>Inovativnost i<br \/>\nProfesionalnost<\/h3>\n<h3>Inovativnost i<br \/>\nProfesionalnost<\/h3>\n<p>Na\u0161 tim stoji na raspolaganju za sva Va\u0161a pitanja, rado \u0107emo Vam pomo\u0107i u odabiru najboljih brendova za negu Va\u0161eg automobila.<br \/>\n<a href=\"#\"><br \/>\nPozovi Nas<br \/>\n<\/a><br \/>\n<\/section>\n<style>.elementor-2917 .elementor-element.elementor-element-13cfe68 .master-icon{font-size:70px;color:#C50000;}.elementor-2917 .elementor-element.elementor-element-13cfe68 .master-icon svg{width:70px;height:70px;}.elementor-2917 .elementor-element.elementor-element-13cfe68 .master-button{color:#FFFFFF;background-color:#E00000;}.elementor-2917 .elementor-element.elementor-element-13cfe68.icon-position-top .master-icon{margin-bottom:60px;}.elementor-2917 .elementor-element.elementor-element-13cfe68.icon-position-left .master-icon{margin-right:60px;}.elementor-2917 .elementor-element.elementor-element-13cfe68.icon-position-left2 .master-icon{margin-right:60px;}.elementor-2917 .elementor-element.elementor-element-13cfe68.icon-position-right .master-icon{margin-left:60px;}.elementor-2917 .elementor-element.elementor-element-13cfe68 .desc{margin-bottom:60px;}.elementor-2917 .elementor-element.elementor-element-13cfe68 > .elementor-widget-container{padding:73px 70px 70px 70px;border-style:solid;border-width:1px 1px 1px 1px;border-color:#F7F7F7;border-radius:2px 2px 2px 2px;box-shadow:0px 40px 150px 0px rgba(30, 34.00000000000001, 40, 0.1);} #featured-title{display:block;} #footer{display:block;} #bottom{display:block;border-style:solid;border-width:1px 0px 0px 0px;}@media(max-width:767px){.elementor-2917 .elementor-element.elementor-element-13cfe68.icon-position-right .master-icon{margin-bottom:60px;}.elementor-2917 .elementor-element.elementor-element-13cfe68 .headline-2{margin-bottom:5px;font-size:26px;}.elementor-2917 .elementor-element.elementor-element-13cfe68 .desc{margin-bottom:35px;font-size:14px;}}<\/style>\n<section data-id=\"aefd890\" data-element_type=\"section\">\n<h3>Servis i<br \/>\nMehanika<\/h3>\n<h3>Servis i<br \/>\nMehanika<\/h3>\n<p>Na\u0161 tim stru\u010dnih mehani\u010dara \u0107e se pobrinuti da u najkra\u0107em roku re\u0161i svaki problem na Va\u0161em automobilu. Pored toga kod nas mo\u017eete uraditi najbr\u017ei servis.<br \/>\n<a href=\"#\"><br \/>\nPozovi nas<br \/>\n<\/a><br \/>\n<\/section>\n<style>.elementor-2936 .elementor-element.elementor-element-88b9230 .master-icon-box .headline-2{color:#FFFFFF;}.elementor-2936 .elementor-element.elementor-element-88b9230 .master-icon-box .desc{color:#FFFFFF;}.elementor-2936 .elementor-element.elementor-element-88b9230 .master-icon{font-size:70px;color:#FFFFFF;}.elementor-2936 .elementor-element.elementor-element-88b9230 .master-icon svg{width:70px;height:70px;}.elementor-2936 .elementor-element.elementor-element-88b9230 .master-button{color:#FF0000;background-color:#FFFFFF;}.elementor-2936 .elementor-element.elementor-element-88b9230.icon-position-top .master-icon{margin-bottom:60px;}.elementor-2936 .elementor-element.elementor-element-88b9230.icon-position-left .master-icon{margin-right:60px;}.elementor-2936 .elementor-element.elementor-element-88b9230.icon-position-left2 .master-icon{margin-right:60px;}.elementor-2936 .elementor-element.elementor-element-88b9230.icon-position-right .master-icon{margin-left:60px;}.elementor-2936 .elementor-element.elementor-element-88b9230 .desc{margin-bottom:60px;}.elementor-2936 .elementor-element.elementor-element-88b9230 > .elementor-widget-container{padding:73px 70px 70px 70px;background-color:#C60000;box-shadow:0px 40px 150px 0px rgba(30, 34.00000000000001, 40, 0.1);} #featured-title{display:block;} #footer{display:block;} #bottom{display:block;border-style:solid;border-width:1px 0px 0px 0px;}@media(max-width:767px){.elementor-2936 .elementor-element.elementor-element-88b9230.icon-position-right .master-icon{margin-bottom:60px;}.elementor-2936 .elementor-element.elementor-element-88b9230 .headline-2{margin-bottom:5px;font-size:21px;}.elementor-2936 .elementor-element.elementor-element-88b9230 .desc{margin-bottom:35px;font-size:14px;}}<\/style>\n<section data-id=\"5395b9f\" data-element_type=\"section\">\n<h3>Inovativnost i<br \/>\nProfesionalnost<\/h3>\n<h3>Inovativnost i<br \/>\nProfesionalnost<\/h3>\n<p>Na\u0161 tim stoji na raspolaganju za sva Va\u0161a pitanja, rado \u0107emo Vam pomo\u0107i u odabiru najboljih brendova za negu Va\u0161eg automobila.<br \/>\n<a href=\"#\"><br \/>\nPozovi Nas<br \/>\n<\/a><br \/>\n<\/section>\n<h2>Na\u0161a poslovna politika zasnovana je na ponudi visoko kvalitetnih auto delova, pneumatika,<br \/>\nmotornih ulja , maziva i ostale prate\u0107e opreme.<\/h2>\n<p><a href=\"#\"><br \/>\nKONTAKTIRAJ NAS<br \/>\n<\/a><\/p>\n<h4>Godine Iskustva<\/h4>\n<p>+<\/p>\n<h4>Servisiranih Vozila<\/h4>\n<h4>Iskusnih Mehani\u010dara<\/h4>\n<p>Lazarex23<\/p>\n<h2>Galerija<\/h2>\n<p><img width=\"1170\" height=\"600\" src=\"http:\/\/lazarex.ognjenst.com\/demo\/wp-content\/uploads\/2020\/10\/project-02.jpg\" alt=\"\" decoding=\"async\" loading=\"lazy\" srcset=\"http:\/\/lazarex.ognjenst.com\/demo\/wp-content\/uploads\/2020\/10\/project-02.jpg 1170w, http:\/\/lazarex.ognjenst.com\/demo\/wp-content\/uploads\/2020\/10\/project-02-300x154.jpg 300w, http:\/\/lazarex.ognjenst.com\/demo\/wp-content\/uploads\/2020\/10\/project-02-1024x525.jpg 1024w, http:\/\/lazarex.ognjenst.com\/demo\/wp-content\/uploads\/2020\/10\/project-02-768x394.jpg 768w\" sizes=\"auto, (max-width: 1170px) 100vw, 1170px\"><a href=\"http:\/\/lazarex.ognjenst.com\/demo\/project_category\/architecture\/\">Architecture<\/a><\/p>\n<h3><a href=\"http:\/\/lazarex.ognjenst.com\/demo\/project\/apartment-building-in-the-residential-district\/\">Apartment building in the residential district<\/a><\/h3>\n<p><a href=\"http:\/\/lazarex.ognjenst.com\/demo\/project\/apartment-building-in-the-residential-district\/\"><br \/>\nRead More<br \/>\n<\/a><br \/>\n<img width=\"1170\" height=\"600\" src=\"http:\/\/lazarex.ognjenst.com\/demo\/wp-content\/uploads\/2020\/10\/project-02.jpg\" alt=\"\" decoding=\"async\" loading=\"lazy\" srcset=\"http:\/\/lazarex.ognjenst.com\/demo\/wp-content\/uploads\/2020\/10\/project-02.jpg 1170w, http:\/\/lazarex.ognjenst.com\/demo\/wp-content\/uploads\/2020\/10\/project-02-300x154.jpg 300w, http:\/\/lazarex.ognjenst.com\/demo\/wp-content\/uploads\/2020\/10\/project-02-1024x525.jpg 1024w, http:\/\/lazarex.ognjenst.com\/demo\/wp-content\/uploads\/2020\/10\/project-02-768x394.jpg 768w\" sizes=\"auto, (max-width: 1170px) 100vw, 1170px\"><a href=\"http:\/\/lazarex.ognjenst.com\/demo\/project_category\/architecture\/\">Architecture<\/a><\/p>\n<h3><a href=\"http:\/\/lazarex.ognjenst.com\/demo\/project\/apartment-building-in-the-residential-district-5\/\">Apartment building in the residential district<\/a><\/h3>\n<p><a href=\"http:\/\/lazarex.ognjenst.com\/demo\/project\/apartment-building-in-the-residential-district-5\/\"><br \/>\nRead More<br \/>\n<\/a><br \/>\n<img width=\"1170\" height=\"600\" src=\"http:\/\/lazarex.ognjenst.com\/demo\/wp-content\/uploads\/2020\/10\/project-01.jpg\" alt=\"\" decoding=\"async\" loading=\"lazy\" srcset=\"http:\/\/lazarex.ognjenst.com\/demo\/wp-content\/uploads\/2020\/10\/project-01.jpg 1170w, http:\/\/lazarex.ognjenst.com\/demo\/wp-content\/uploads\/2020\/10\/project-01-300x154.jpg 300w, http:\/\/lazarex.ognjenst.com\/demo\/wp-content\/uploads\/2020\/10\/project-01-1024x525.jpg 1024w, http:\/\/lazarex.ognjenst.com\/demo\/wp-content\/uploads\/2020\/10\/project-01-768x394.jpg 768w\" sizes=\"auto, (max-width: 1170px) 100vw, 1170px\"><a href=\"http:\/\/lazarex.ognjenst.com\/demo\/project_category\/architecture\/\">Architecture<\/a><\/p>\n<h3><a href=\"http:\/\/lazarex.ognjenst.com\/demo\/project\/modern-and-equipped-house-construction\/\">Modern and equipped house construction<\/a><\/h3>\n<p><a href=\"http:\/\/lazarex.ognjenst.com\/demo\/project\/modern-and-equipped-house-construction\/\"><br \/>\nRead More<br \/>\n<\/a><br \/>\n<img width=\"1170\" height=\"600\" src=\"http:\/\/lazarex.ognjenst.com\/demo\/wp-content\/uploads\/2020\/10\/project-01.jpg\" alt=\"\" decoding=\"async\" loading=\"lazy\" srcset=\"http:\/\/lazarex.ognjenst.com\/demo\/wp-content\/uploads\/2020\/10\/project-01.jpg 1170w, http:\/\/lazarex.ognjenst.com\/demo\/wp-content\/uploads\/2020\/10\/project-01-300x154.jpg 300w, http:\/\/lazarex.ognjenst.com\/demo\/wp-content\/uploads\/2020\/10\/project-01-1024x525.jpg 1024w, http:\/\/lazarex.ognjenst.com\/demo\/wp-content\/uploads\/2020\/10\/project-01-768x394.jpg 768w\" sizes=\"auto, (max-width: 1170px) 100vw, 1170px\"><a href=\"http:\/\/lazarex.ognjenst.com\/demo\/project_category\/architecture\/\">Architecture<\/a><\/p>\n<h3><a href=\"http:\/\/lazarex.ognjenst.com\/demo\/project\/modern-and-equipped-house-construction-5\/\">Modern and equipped house construction<\/a><\/h3>\n<p><a href=\"http:\/\/lazarex.ognjenst.com\/demo\/project\/modern-and-equipped-house-construction-5\/\"><br \/>\nRead More<br \/>\n<\/a><br \/>\n<a href=\"#\"><br \/>\nPogledaj Sve<br \/>\n<\/a><br \/>\n<img decoding=\"async\" alt=\"Image\" src=\"http:\/\/lazarex.ognjenst.com\/demo\/wp-content\/uploads\/2023\/01\/shell_logo.png\"><br \/>\n<img decoding=\"async\" alt=\"Image\" src=\"http:\/\/lazarex.ognjenst.com\/demo\/wp-content\/uploads\/2023\/01\/Matador_logo-e1673388716430.png\"><br \/>\n<img decoding=\"async\" alt=\"Image\" src=\"http:\/\/lazarex.ognjenst.com\/demo\/wp-content\/uploads\/2023\/01\/wynns-logo-png-transparent.png\"><br \/>\n<img decoding=\"async\" alt=\"Image\" src=\"http:\/\/lazarex.ognjenst.com\/demo\/wp-content\/uploads\/2023\/01\/michelin_logo.png\"><br \/>\n<img decoding=\"async\" alt=\"Image\" src=\"http:\/\/lazarex.ognjenst.com\/demo\/wp-content\/uploads\/2023\/01\/WixFilter_logo.png\"><br \/>\n<img decoding=\"async\" alt=\"Image\" src=\"http:\/\/lazarex.ognjenst.com\/demo\/wp-content\/uploads\/2023\/01\/continental-logo.png\"><br \/>\nGDE SE NALAZIMO?<\/p>\n<h2>Ustani\u010dka 25, Svilajnac<\/h2>\n<p>Pozovite nas i zaka\u017eite svoj termin!<br \/>\n<a href=\"#\"><br \/>\nPozovi Odmah<br \/>\n<\/a><\/p>\n<p role=\"status\" aria-live=\"polite\" aria-atomic=\"true\">\n<ul><\/ul>\n<form action=\"\/demo\/wp-admin\/admin-ajax.php#wpcf7-f586-o1\" method=\"post\" novalidate=\"novalidate\" data-status=\"init\">\n<input type=\"hidden\" name=\"_wpcf7\" value=\"586\"><br \/>\n<input type=\"hidden\" name=\"_wpcf7_version\" value=\"5.6.3\"><br \/>\n<input type=\"hidden\" name=\"_wpcf7_locale\" value=\"en_US\"><br \/>\n<input type=\"hidden\" name=\"_wpcf7_unit_tag\" value=\"wpcf7-f586-o1\"><br \/>\n<input type=\"hidden\" name=\"_wpcf7_container_post\" value=\"0\"><br \/>\n<input type=\"hidden\" name=\"_wpcf7_posted_data_hash\" value=\"\"><\/p>\n<p><input type=\"text\" name=\"your-name\" value=\"Va\u0161e ime\" size=\"40\" aria-required=\"true\" aria-invalid=\"false\"><\/p>\n<p><input type=\"email\" name=\"your-email\" value=\"E-mail Adresa\" size=\"40\" aria-required=\"true\" aria-invalid=\"false\"><\/p>\n<p><textarea name=\"your-message\" cols=\"40\" rows=\"10\" aria-invalid=\"false\">Poruka\/Upit<\/textarea><\/p>\n<p><button>Po\u0161alji Poruku<\/button><\/p>\n<\/form>\n","protected":false},"excerpt":{"rendered":"<p>LAZAREX 23Ovla\u0161\u0107eni SHELL i MATADOR distributerZAKA\u017dI ODMAH Servis i Mehanika Servis i Mehanika Na\u0161 tim stru\u010dnih mehani\u010dara \u0107e se pobrinuti da u najkra\u0107em roku re\u0161i svaki problem na Va\u0161em automobilu. Pored toga kod nas mo\u017eete uraditi najbr\u017ei servis. Pozovi nas Inovativnost i Profesionalnost Inovativnost i Profesionalnost Na\u0161 tim stoji na<\/p>\n","protected":false},"author":1,"featured_media":0,"parent":0,"menu_order":0,"comment_status":"closed","ping_status":"closed","template":"","meta":{"footnotes":""},"class_list":["post-2908","page","type-page","status-publish","hentry"],"_links":{"self":[{"href":"https:\/\/lazarex.ognjenst.com\/demo\/wp-json\/wp\/v2\/pages\/2908","targetHints":{"allow":["GET"]}}],"collection":[{"href":"https:\/\/lazarex.ognjenst.com\/demo\/wp-json\/wp\/v2\/pages"}],"about":[{"href":"https:\/\/lazarex.ognjenst.com\/demo\/wp-json\/wp\/v2\/types\/page"}],"author":[{"embeddable":true,"href":"https:\/\/lazarex.ognjenst.com\/demo\/wp-json\/wp\/v2\/users\/1"}],"replies":[{"embeddable":true,"href":"https:\/\/lazarex.ognjenst.com\/demo\/wp-json\/wp\/v2\/comments?post=2908"}],"version-history":[{"count":81,"href":"https:\/\/lazarex.ognjenst.com\/demo\/wp-json\/wp\/v2\/pages\/2908\/revisions"}],"predecessor-version":[{"id":5093,"href":"https:\/\/lazarex.ognjenst.com\/demo\/wp-json\/wp\/v2\/pages\/2908\/revisions\/5093"}],"wp:attachment":[{"href":"https:\/\/lazarex.ognjenst.com\/demo\/wp-json\/wp\/v2\/media?parent=2908"}],"curies":[{"name":"wp","href":"https:\/\/api.w.org\/{rel}","templated":true}]}}